{"id":21,"date":"2014-12-10T14:43:49","date_gmt":"2014-12-10T13:43:49","guid":{"rendered":"http:\/\/www.fon.bg.ac.rs\/eng\/?page_id=21"},"modified":"2022-10-27T14:15:17","modified_gmt":"2022-10-27T12:15:17","slug":"faculty-council","status":"publish","type":"page","link":"https:\/\/oldfon.fon.bg.ac.rs\/eng\/about-fos\/faculty-council\/","title":{"rendered":"Faculty Council"},"content":{"rendered":"<h3>Council Chair:<\/h3>\n<p><img loading=\"lazy\" decoding=\"async\" class=\"slike-zaposlenih alignnone size-full wp-image-3096\" src=\"http:\/\/oldfon.fon.bg.ac.rs\/wp-content\/uploads\/nastavnici\/vesna-damnjanovic.jpg\" alt=\"Vesna Damnjanovic\" width=\"200\" height=\"200\" \/><\/p>\n<p style=\"text-align: left;\"><strong> Professor Vesna Damnjanovi\u0107<\/strong><\/p>\n<h3>Council Chair Deputy:<\/h3>\n<p>Professor\u00a0Sini\u0161a Vlaji\u0107<\/p>\n<h3>Members of the Faculty Council:<\/h3>\n<h3>Representatives of the Academic Council:<\/h3>\n<ol>\n<li>Vesna Damnjanovi\u0107, Phd<\/li>\n<li>Sini\u0161a Vlaji\u0107, Phd<\/li>\n<li>Milan Stanojevi\u0107, Phd<\/li>\n<li>Nenad Ani\u010di\u0107, Phd<\/li>\n<li>Gordana Savi\u0107, Phd<\/li>\n<li>Veljko Dmitrovi\u0107, Phd<\/li>\n<li>Nina Turajli\u0107, Phd<\/li>\n<li>Ognjen Panteli\u0107, Phd<\/li>\n<li>Sandro Radovanovi\u0107, Phd<\/li>\n<li>Ilija Antovi\u0107, Phd<\/li>\n<li>Nikola Zorni\u0107<\/li>\n<li>Milica Jovanovi\u0107, Phd<\/li>\n<li>\u017deljko Spaseni\u0107<\/li>\n<\/ol>\n<h3>Non-academic staff representatives:<\/h3>\n<ol start=\"14\">\n<li>Dejan Markovski<\/li>\n<li>Jadranka Milenkovi\u0107<\/li>\n<\/ol>\n<h3>Founder representatives:<\/h3>\n<ol start=\"16\">\n<li>Vladimir Ili\u0107, Phd<\/li>\n<li>Zoran Martinovi\u0107<\/li>\n<li>Aleksandar Joki\u0107, Phd<\/li>\n<li>Vuka\u0161in Grozdi\u0107<\/li>\n<li>Angelina Njegu\u0161, Phd<\/li>\n<li>Goran Kne\u017eevi\u0107<\/li>\n<li>Branko Vasi\u0107, Phd<\/li>\n<li>Matija Vasi\u0107<\/li>\n<\/ol>\n<h3>Student representatives:<\/h3>\n<ol start=\"24\">\n<li>Stefan Arsi\u0107<\/li>\n<li>Sara Dra\u0161kovi\u0107<\/li>\n<li>Nemanja Putnik<\/li>\n<li>Filip Ran\u0111elovi\u0107<\/li>\n<\/ol>\n","protected":false},"excerpt":{"rendered":"<p>Council Chair: Professor Vesna Damnjanovi\u0107 Council Chair Deputy: Professor\u00a0Sini\u0161a Vlaji\u0107 Members of the Faculty Council: Representatives of the Academic Council: Vesna Damnjanovi\u0107, Phd Sini\u0161a Vlaji\u0107, Phd Milan Stanojevi\u0107, Phd Nenad Ani\u010di\u0107, Phd Gordana Savi\u0107, Phd Veljko Dmitrovi\u0107, Phd Nina Turajli\u0107, Phd Ognjen Panteli\u0107, Phd Sandro Radovanovi\u0107, Phd Ilija Antovi\u0107, Phd Nikola Zorni\u0107 Milica Jovanovi\u0107, Phd&#8230; <a class=\"read-more\" href=\"https:\/\/oldfon.fon.bg.ac.rs\/eng\/about-fos\/faculty-council\/\"><span style=\"color:#5ec3ae\">Read more &rarr;<\/span><\/a><\/p>\n","protected":false},"author":1,"featured_media":0,"parent":17,"menu_order":0,"comment_status":"closed","ping_status":"closed","template":"page-osnovni.php","meta":{"footnotes":""},"_links":{"self":[{"href":"https:\/\/oldfon.fon.bg.ac.rs\/eng\/wp-json\/wp\/v2\/pages\/21"}],"collection":[{"href":"https:\/\/oldfon.fon.bg.ac.rs\/eng\/wp-json\/wp\/v2\/pages"}],"about":[{"href":"https:\/\/oldfon.fon.bg.ac.rs\/eng\/wp-json\/wp\/v2\/types\/page"}],"author":[{"embeddable":true,"href":"https:\/\/oldfon.fon.bg.ac.rs\/eng\/wp-json\/wp\/v2\/users\/1"}],"replies":[{"embeddable":true,"href":"https:\/\/oldfon.fon.bg.ac.rs\/eng\/wp-json\/wp\/v2\/comments?post=21"}],"version-history":[{"count":21,"href":"https:\/\/oldfon.fon.bg.ac.rs\/eng\/wp-json\/wp\/v2\/pages\/21\/revisions"}],"predecessor-version":[{"id":1248,"href":"https:\/\/oldfon.fon.bg.ac.rs\/eng\/wp-json\/wp\/v2\/pages\/21\/revisions\/1248"}],"up":[{"embeddable":true,"href":"https:\/\/oldfon.fon.bg.ac.rs\/eng\/wp-json\/wp\/v2\/pages\/17"}],"wp:attachment":[{"href":"https:\/\/oldfon.fon.bg.ac.rs\/eng\/wp-json\/wp\/v2\/media?parent=21"}],"curies":[{"name":"wp","href":"https:\/\/api.w.org\/{rel}","templated":true}]}}