{"id":23,"date":"2014-12-10T14:45:59","date_gmt":"2014-12-10T13:45:59","guid":{"rendered":"http:\/\/www.fon.bg.ac.rs\/eng\/?page_id=23"},"modified":"2022-07-20T14:00:57","modified_gmt":"2022-07-20T12:00:57","slug":"faculty-management","status":"publish","type":"page","link":"https:\/\/oldfon.fon.bg.ac.rs\/eng\/about-fos\/faculty-management\/","title":{"rendered":"Faculty Management"},"content":{"rendered":"<table border=\"0\">\n<tbody>\n<tr>\n<td colspan=\"2\">\n<h3 style=\"text-align: center\">Dean<\/h3>\n<p style=\"text-align: center\"><img loading=\"lazy\" decoding=\"async\" class=\"slike-zaposlenih alignnone size-full wp-image-3099\" src=\"http:\/\/oldfon.fon.bg.ac.rs\/wp-content\/uploads\/nastavnici\/milan-martic.jpg\" alt=\"Milan Martic\" width=\"200\" height=\"200\" \/><\/p>\n<p style=\"text-align: center\"><strong>Milan Marti\u0107<\/strong><br \/>\nFull Professor<\/p>\n<\/td>\n<\/tr>\n<tr>\n<td>\n<h3 style=\"text-align: center\">Vice-Dean for Undergraduate Studies\u200c<\/h3>\n<p style=\"text-align: center\"><img loading=\"lazy\" decoding=\"async\" class=\"slike-zaposlenih alignnone size-full wp-image-3100\" src=\"http:\/\/oldfon.fon.bg.ac.rs\/wp-content\/uploads\/nastavnici\/dusan-savic.jpg\" alt=\"Dusan Savic\" width=\"200\" height=\"200\" \/><\/p>\n<p style=\"text-align: center\"><strong>Du\u0161an Savi\u0107<\/strong><br \/>\nAssociate Professor<\/p>\n<\/td>\n<td>\n<h3 style=\"text-align: center\">Vice-dean for International Cooperation<\/h3>\n<p style=\"text-align: center\"><img loading=\"lazy\" decoding=\"async\" class=\"slike-zaposlenih alignnone size-full wp-image-3101\" src=\"http:\/\/oldfon.fon.bg.ac.rs\/wp-content\/uploads\/nastavnici\/sandra-jednak.jpg\" alt=\"Sandra Jednak\" width=\"200\" height=\"200\" \/><\/p>\n<p style=\"text-align: center\"><strong>Sandra Jednak<\/strong><br \/>\nFull Professor<\/p>\n<\/td>\n<\/tr>\n<tr>\n<td>\n<h3 style=\"text-align: center\">Vice-dean for Postgraduate Studies<\/h3>\n<p style=\"text-align: center\"><img loading=\"lazy\" decoding=\"async\" class=\"slike-zaposlenih alignnone size-full wp-image-3097\" src=\"http:\/\/oldfon.fon.bg.ac.rs\/wp-content\/uploads\/nastavnici\/dragana-makajic-nikolic.jpg\" alt=\"Dragana Makajic Nikolic\" width=\"200\" height=\"200\" \/><\/p>\n<p style=\"text-align: center\"><strong>Dragana Makaji\u0107 Nikoli\u0107<\/strong><br \/>\nFull Professor<\/p>\n<\/td>\n<td>\n<h3 style=\"text-align: center\">Vice-dean of Research\u200c<\/h3>\n<p><img loading=\"lazy\" decoding=\"async\" class=\"slike-zaposlenih size-full wp-image-3112 aligncenter\" src=\"http:\/\/oldfon.fon.bg.ac.rs\/wp-content\/uploads\/nastavnici\/veljko-jeremic.jpg\" alt=\"Veljko Jeremic\" width=\"200\" height=\"200\" \/><\/p>\n<p style=\"text-align: center\"><strong>Veljko Jeremi\u0107<\/strong><br \/>\nAssociate Professor<\/p>\n<\/td>\n<\/tr>\n<\/tr>\n<tr>\n<td>\n<h3 style=\"text-align: center\">Vice-Dean for Strategic Development and  Corporate Affairs<\/h3>\n<p style=\"text-align: center\"><img loading=\"lazy\" decoding=\"async\" class=\"slike-zaposlenih alignnone size-full wp-image-3097 aligncenter\" src=\"http:\/\/oldfon.fon.bg.ac.rs\/wp-content\/uploads\/nastavnici\/marko-mihic.jpg\" alt=\"Marko Mihic\" width=\"200\" height=\"200\" \/><\/p>\n<p style=\"text-align: center\"><strong>Marko Mihi\u0107<\/strong><br \/>\nFull Professor<\/p>\n<\/td>\n<td>\n<h3 style=\"text-align: center\">Vice-Dean for Digital Development<\/h3>\n<p><img loading=\"lazy\" decoding=\"async\" class=\"slike-zaposlenih size-full wp-image-3112 aligncenter\" src=\"https:\/\/elab.fon.bg.ac.rs\/wp-content\/uploads\/2014\/04\/Dusan-Barac1.jpg\" alt=\"Dusan Barac\" width=\"200\" height=\"200\" \/><\/p>\n<p style=\"text-align: center\"><strong>Du\u0161an Bara\u0107<\/strong><br \/>\nFull Professor<\/p>\n<\/td>\n<\/tr>\n<td>\n<h3 style=\"text-align: center\">VD Faculty Secretary<\/h3>\n<p><img loading=\"lazy\" decoding=\"async\" class=\"slike-zaposlenih alignnone size-full wp-image-3098 aligncenter\" src=\"http:\/\/oldfon.fon.bg.ac.rs\/downloads\/2021\/11\/darjan-radovanovic.jpg\" alt=\"Darjan Radovanovic\" width=\"200\" height=\"200\" \/><\/p>\n<p style=\"text-align: center\"><strong>Darjan Radovanovi\u0107<\/strong><\/p>\n<\/td>\n<td>\n<h3 style=\"text-align: center\">Student Vice-dean<\/h3>\n<p style=\"text-align: center\"><img loading=\"lazy\" decoding=\"async\" class=\"slike-zaposlenih alignnone size-full wp-image-3097\" src=\"http:\/\/oldfon.fon.bg.ac.rs\/downloads\/2013\/04\/Student-prodekan.png\" alt=\"David Kovic\" width=\"200\" height=\"200\" \/><\/p>\n<p style=\"text-align: center\"><strong>\u0414\u0430\u0432\u0438\u0434 \u041a\u043e\u0432\u0438\u045b<\/strong><\/p>\n<p style=\"text-align: center\">\u0415\u043b. \u043f\u043e\u0448\u0442\u0430: <a href=\"mailto:studentprodekan@fon.bg.ac.rs\">studentprodekan@fon.bg.ac.rs<\/a><\/p>\n<\/td>\n<\/tr>\n<\/tbody>\n<\/table>\n<h1>Contact<\/h1>\n<p><strong>Dean&#8217;s Office<\/strong><br \/>\nPhone: 011 3950 823<br \/>\nFax: 011 2461 221<br \/>\n<a href=\"mailto:dekanat@fon.bg.ac.rs\">E-mail: dekanat@fon.bg.ac.rs<\/a><\/p>\n<p><strong>Student Vice-dean<\/strong><br \/>\n<a href=\"mailto:studentprodekan@fon.bg.ac.rs\">E-mail: studentprodekan@fon.bg.ac.rs<\/a><\/p>\n<p><strong>Faculty Secretary<\/strong><br \/>\nPhone: 011 3950 806<br \/>\nFax: 011 2461 221<\/p>\n","protected":false},"excerpt":{"rendered":"<p>Dean Milan Marti\u0107 Full Professor Vice-Dean for Undergraduate Studies\u200c Du\u0161an Savi\u0107 Associate Professor Vice-dean for International Cooperation Sandra Jednak Full Professor Vice-dean for Postgraduate Studies Dragana Makaji\u0107 Nikoli\u0107 Full Professor Vice-dean of Research\u200c Veljko Jeremi\u0107 Associate Professor Vice-Dean for Strategic Development and Corporate Affairs Marko Mihi\u0107 Full Professor Vice-Dean for Digital Development Du\u0161an Bara\u0107 Full&#8230; <a class=\"read-more\" href=\"https:\/\/oldfon.fon.bg.ac.rs\/eng\/about-fos\/faculty-management\/\"><span style=\"color:#5ec3ae\">Read more &rarr;<\/span><\/a><\/p>\n","protected":false},"author":1,"featured_media":0,"parent":17,"menu_order":0,"comment_status":"closed","ping_status":"closed","template":"page-osnovni.php","meta":{"footnotes":""},"_links":{"self":[{"href":"https:\/\/oldfon.fon.bg.ac.rs\/eng\/wp-json\/wp\/v2\/pages\/23"}],"collection":[{"href":"https:\/\/oldfon.fon.bg.ac.rs\/eng\/wp-json\/wp\/v2\/pages"}],"about":[{"href":"https:\/\/oldfon.fon.bg.ac.rs\/eng\/wp-json\/wp\/v2\/types\/page"}],"author":[{"embeddable":true,"href":"https:\/\/oldfon.fon.bg.ac.rs\/eng\/wp-json\/wp\/v2\/users\/1"}],"replies":[{"embeddable":true,"href":"https:\/\/oldfon.fon.bg.ac.rs\/eng\/wp-json\/wp\/v2\/comments?post=23"}],"version-history":[{"count":25,"href":"https:\/\/oldfon.fon.bg.ac.rs\/eng\/wp-json\/wp\/v2\/pages\/23\/revisions"}],"predecessor-version":[{"id":1223,"href":"https:\/\/oldfon.fon.bg.ac.rs\/eng\/wp-json\/wp\/v2\/pages\/23\/revisions\/1223"}],"up":[{"embeddable":true,"href":"https:\/\/oldfon.fon.bg.ac.rs\/eng\/wp-json\/wp\/v2\/pages\/17"}],"wp:attachment":[{"href":"https:\/\/oldfon.fon.bg.ac.rs\/eng\/wp-json\/wp\/v2\/media?parent=23"}],"curies":[{"name":"wp","href":"https:\/\/api.w.org\/{rel}","templated":true}]}}