{"id":25,"date":"2014-12-10T14:46:28","date_gmt":"2014-12-10T13:46:28","guid":{"rendered":"http:\/\/www.fon.bg.ac.rs\/eng\/?page_id=25"},"modified":"2015-10-23T11:59:50","modified_gmt":"2015-10-23T09:59:50","slug":"academic-staff","status":"publish","type":"page","link":"https:\/\/oldfon.fon.bg.ac.rs\/eng\/about-fos\/academic-staff\/","title":{"rendered":"Academic Staff"},"content":{"rendered":"<div id=\"squelch-taas-accordion-0\" class=\"squelch-taas-accordion squelch-taas-override\" data-active=\"\" data-disabled=\"false\" data-autoheight=\"false\" data-collapsible=\"true\"><h3 id=\"squelch-taas-header-0\"><a href=\"#squelch-taas-accordion-shortcode-content-0\">Full professors<\/a><\/h3><div id=\"squelch-taas-accordion-shortcode-content-0\" class=\"squelch-taas-accordion-shortcode-content squelch-taas-accordion-shortcode-content-0\">\n<table class=\"tabelanastavnika\" border=\"0\" width=\"70%\" cellspacing=\"0\" cellpadding=\"0\">\n<tbody>\n<tr>\n<td style=\"border: none; background-color: #5ec3ae; color: #fff;\"><b>Name<\/b><\/td>\n<td style=\"border: none; background-color: #5ec3ae; color: #fff;\"><b>E-mail<\/b><\/td>\n<td style=\"border: none; background-color: #5ec3ae; color: #fff;\">Office<\/td>\n<\/tr>\n<tr>\n<td>Bogojevi\u0107-Arsi\u0107 dr Vesna<\/td>\n<td>bogojevic-arsic.vesna@fon.bg.ac.rs<\/td>\n<td>206<\/td>\n<\/tr>\n<tr>\n<td>Bulaji\u0107 dr Milica<\/td>\n<td>bulajic.milica@fon.bg.ac.rs<\/td>\n<td>319<\/td>\n<\/tr>\n<tr>\n<td>Vasiljevi\u0107 dr Dragan<\/td>\n<td>vasiljevic.dragan@fon.bg.ac.rs<\/td>\n<td>218<\/td>\n<\/tr>\n<tr>\n<td>Vujo\u0161evi\u0107 dr Mirko<\/td>\n<td>vujosevic.mirko@fon.bg.ac.rs<\/td>\n<td>205<\/td>\n<\/tr>\n<tr>\n<td>Vuj\u010di\u0107 dr Vera<\/td>\n<td>vujcic.vera@fon.bg.ac.rs<\/td>\n<td>204<\/td>\n<\/tr>\n<tr>\n<td>Deved\u017ei\u0107 dr Vladan<\/td>\n<td>devedzic.vladan@fon.bg.ac.rs<\/td>\n<td>305<\/td>\n<\/tr>\n<tr>\n<td>Drakuli\u0107 dr Mirjana<\/td>\n<td>drakulic.mirjana@fon.bg.ac.rs<\/td>\n<td>311<\/td>\n<\/tr>\n<tr>\n<td>\u017darki\u0107-Joksimovi\u0107 dr Nevenka<\/td>\n<td>zarkic-joksimovic.nevenka@fon.bg.ac.rs<\/td>\n<td>206<\/td>\n<\/tr>\n<tr>\n<td>Ili\u0107 dr Bojan<\/td>\n<td>ilic.bojan@fon.bg.ac.rs<\/td>\n<td>318<\/td>\n<\/tr>\n<tr>\n<td>Ili\u0107 dr Oliver<\/td>\n<td>ilic.oliver@fon.bg.ac.rs<\/td>\n<td>205<\/td>\n<\/tr>\n<tr>\n<td>Ja\u0161ko dr Ondrej<\/td>\n<td>jasko.ondrej@fon.bg.ac.rs<\/td>\n<td>212<\/td>\n<\/tr>\n<tr>\n<td>Kosti\u0107 Stankovi\u0107 dr Milica<\/td>\n<td>kostic.milica@fon.bg.ac.rs<\/td>\n<td>308<\/td>\n<\/tr>\n<tr>\n<td>Kragulj dr Dragana<\/td>\n<td>kragulj.dragana@fon.bg.ac.rs<\/td>\n<td>207<\/td>\n<\/tr>\n<tr>\n<td>Levi-Jak\u0161i\u0107 dr Maja<\/td>\n<td>levi-jaksic.maja@fon.bg.ac.rs<\/td>\n<td>301c<\/td>\n<\/tr>\n<tr>\n<td>Marjanovi\u0107 dr Zoran<\/td>\n<td>marjanovic.zoran@fon.bg.ac.rs<\/td>\n<td>503<\/td>\n<\/tr>\n<tr>\n<td>Markovi\u0107 dr Aleksandar<\/td>\n<td>markovic.aleksandar@fon.bg.ac.rs<\/td>\n<td>303<\/td>\n<\/tr>\n<tr>\n<td>Marti\u0107 dr Milan<\/td>\n<td>martic.milan@fon.bg.ac.rs<\/td>\n<td>215<\/td>\n<\/tr>\n<tr>\n<td>Miladinovi\u0107 dr Slobodan<\/td>\n<td>miladinovic.slobodan@fon.bg.ac.rs<\/td>\n<td>215<\/td>\n<\/tr>\n<tr>\n<td>Mili\u0107evi\u0107 dr Vesna<\/td>\n<td>milicevic.vesna@fon.bg.ac.rs<\/td>\n<td>207<\/td>\n<\/tr>\n<tr>\n<td>Milosavljevi\u0107 dr Gordana<\/td>\n<td>milosavljevic.gordana@fon.bg.ac.rs<\/td>\n<td>306<\/td>\n<\/tr>\n<tr>\n<td>Mihailovi\u0107 dr Dobrivoje<\/td>\n<td>mihailovic.dobrivoje@fon.bg.ac.rs<\/td>\n<td>306<\/td>\n<\/tr>\n<tr>\n<td>Mladenovi\u0107 dr Nenad<\/td>\n<td>mladenovic.nenad@fon.bg.ac.rs<\/td>\n<td><\/td>\n<\/tr>\n<tr>\n<td>Omerbegovi\u0107-Bijelovi\u0107 dr Jasmina<\/td>\n<td>omeja@fon.bg.ac.rs<\/td>\n<td>208<\/td>\n<\/tr>\n<tr>\n<td>Orli\u0107 dr Ranko<\/td>\n<td>orlic.ranko@fon.bg.ac.rs<\/td>\n<td>306<\/td>\n<\/tr>\n<tr>\n<td>Petrovi\u0107 dr Bratislav<\/td>\n<td>petrovic.bratislav@fon.bg.ac.rs<\/td>\n<td>211<\/td>\n<\/tr>\n<tr>\n<td>Petrovi\u0107 dr Dejan<\/td>\n<td>petrovic.dejan@fon.bg.ac.rs<\/td>\n<td>214<\/td>\n<\/tr>\n<tr>\n<td>Petrovi\u0107 dr Nata\u0161a<\/td>\n<td>petrovic.natasa@fon.bg.ac.rs<\/td>\n<td>208<\/td>\n<\/tr>\n<tr>\n<td>Radenkovi\u0107 dr Bo\u017eidar<\/td>\n<td>radenkovic.bozidar@fon.bg.ac.rs<\/td>\n<td>303<\/td>\n<\/tr>\n<tr>\n<td>Radovi\u0107 dr Mili\u0107<\/td>\n<td>radovic.milic@fon.bg.ac.rs<\/td>\n<td>218<\/td>\n<\/tr>\n<tr>\n<td>Simi\u0107 dr Dejan<\/td>\n<td>simic.dejan@fon.bg.ac.rs<\/td>\n<td>217<\/td>\n<\/tr>\n<tr>\n<td>Star\u010devi\u0107 dr Du\u0161an<\/td>\n<td>starcevic.dusan@fon.bg.ac.rs<\/td>\n<td>217<\/td>\n<\/tr>\n<tr>\n<td>Stojanovi\u0107 dr Milica<\/td>\n<td>stojanovic.milica@fon.bg.ac.rs<\/td>\n<td>204<\/td>\n<\/tr>\n<tr>\n<td>Sto\u0161i\u0107 dr Biljana<\/td>\n<td>stosic.biljana@fon.bg.ac.rs<\/td>\n<td>318<\/td>\n<\/tr>\n<tr>\n<td>Suknovi\u0107 dr Milija<\/td>\n<td>suknovic.milija@fon.bg.ac.rs<\/td>\n<td>312<\/td>\n<\/tr>\n<tr>\n<td>Filipovi\u0107 dr Vinka<\/td>\n<td>filipovic.vinka@fon.bg.ac.rs<\/td>\n<td>307<\/td>\n<\/tr>\n<tr>\n<td>Filipovi\u0107 dr Jovan<\/td>\n<td>filipovic.jovan@fon.bg.ac.rs<\/td>\n<td>301<\/td>\n<\/tr>\n<tr>\n<td>\u010cangalovi\u0107 dr Mirjana<\/td>\n<td>cangalovic.mirjana@fon.bg.ac.rs<\/td>\n<td>215<\/td>\n<\/tr>\n<\/tbody>\n<\/table>\n<\/div>\n<h3 id=\"squelch-taas-header-1\"><a href=\"#squelch-taas-accordion-shortcode-content-1\">Associate professors<\/a><\/h3><div id=\"squelch-taas-accordion-shortcode-content-1\" class=\"squelch-taas-accordion-shortcode-content squelch-taas-accordion-shortcode-content-1\">\n<table class=\"tabelanastavnika\" border=\"0\" width=\"70%\" cellspacing=\"0\" cellpadding=\"0\">\n<tbody>\n<tr>\n<td style=\"border: none; background-color: #5ec3ae; color: #fff;\">Name<\/td>\n<td style=\"border: none; background-color: #5ec3ae; color: #fff;\">E-mail<\/td>\n<td style=\"border: none; background-color: #5ec3ae; color: #fff;\">Office<\/td>\n<\/tr>\n<tr>\n<td>Ani\u010di\u0107 dr Nenad<\/td>\n<td>anicic.nenad@fon.bg.ac.rs<\/td>\n<td>503<\/td>\n<\/tr>\n<tr>\n<td>Barjaktarovi\u0107 Rako\u010devi\u0107 dr Sla\u0111ana<\/td>\n<td>sladjana@fon.bg.ac.rs<\/td>\n<td>311b<\/td>\n<\/tr>\n<tr>\n<td>Benkovi\u0107 dr Sla\u0111ana<\/td>\n<td>benkovic.sladjana@fon.bg.ac.rs<\/td>\n<td>218<\/td>\n<\/tr>\n<tr>\n<td>Vlaji\u0107 dr Sini\u0161a<\/td>\n<td>vlajic.sinisa@fon.bg.ac.rs<\/td>\n<td>B005<\/td>\n<\/tr>\n<tr>\n<td>Vu\u010dkovi\u0107 dr Milica<\/td>\n<td>vuckovic.milica@fon.bg.ac.rs<\/td>\n<td>018<\/td>\n<\/tr>\n<tr>\n<td>Damnjanovi\u0107 dr Vesna<\/td>\n<td>damnjanovic.vesna@fon.bg.ac.rs<\/td>\n<td>307<\/td>\n<\/tr>\n<tr>\n<td>Deliba\u0161i\u0107 dr Boris<\/td>\n<td>delibasic.boris@fon.bg.ac.rs<\/td>\n<td>312<\/td>\n<\/tr>\n<tr>\n<td>Despotovi\u0107-Zraki\u0107 dr Marijana<\/td>\n<td>despotovic.marijana@fon.bg.ac.rs<\/td>\n<td>303a<\/td>\n<\/tr>\n<tr>\n<td>\u0110ori\u0107 dr Dragan<\/td>\n<td>djoric.dragan@fon.bg.ac.rs<\/td>\n<td>317<\/td>\n<\/tr>\n<tr>\n<td>\u0110uri\u0107 dr Dragan<\/td>\n<td>djuric.dragan@fon.bg.ac.rs<\/td>\n<td>305<\/td>\n<\/tr>\n<tr>\n<td>Ivezi\u0107 dr Nenad<\/td>\n<td>ivezic.nenad@fon.bg.ac.rs<\/td>\n<td><\/td>\n<\/tr>\n<tr>\n<td>Jani\u010di\u0107 dr Radmila<\/td>\n<td>janicic.radmila@fon.bg.ac.rs<\/td>\n<td>307<\/td>\n<\/tr>\n<tr>\n<td>Jovanovi\u0107 dr Jelena<\/td>\n<td>jovanovic.jelena@fon.bg.ac.rs<\/td>\n<td>305<\/td>\n<\/tr>\n<tr>\n<td>Kne\u017eevi\u0107 dr Sne\u017eana<\/td>\n<td>knezevic.snezana@fon.bg.ac.rs<\/td>\n<td>315<\/td>\n<\/tr>\n<tr>\n<td>Lazovi\u0107 dr Rade<\/td>\n<td>lazovic.rade@fon.bg.ac.rs<\/td>\n<td>317<\/td>\n<\/tr>\n<tr>\n<td>Le\u010di\u0107-Cvetkovi\u0107 dr Danica<\/td>\n<td>lecic.danica@fon.bg.ac.rs<\/td>\n<td>308<\/td>\n<\/tr>\n<tr>\n<td>Manojlovi\u0107 dr Vesna<\/td>\n<td>manojlovic.vesna@fon.bg.ac.rs<\/td>\n<td>316<\/td>\n<\/tr>\n<tr>\n<td>Markovi\u0107 dr Vidan<\/td>\n<td>markovic.vidan@fon.bg.ac.rs<\/td>\n<td><\/td>\n<\/tr>\n<tr>\n<td>Mihi\u0107 dr Marko<\/td>\n<td>mihic.marko@fon.bg.ac.rs<\/td>\n<td>214<\/td>\n<\/tr>\n<tr>\n<td>Mihi\u0107 dr Olivera<\/td>\n<td>mihic.olivera@fon.bg.ac.rs<\/td>\n<td>317<\/td>\n<\/tr>\n<tr>\n<td>Radoji\u010di\u0107 dr Zoran<\/td>\n<td>radojicic.zoran@fon.bg.ac.rs<\/td>\n<td>319<\/td>\n<\/tr>\n<tr>\n<td>Slovi\u0107 dr Dragoslav<\/td>\n<td>slovic.dragoslav@fon.bg.ac.rs<\/td>\n<td>212<\/td>\n<\/tr>\n<tr>\n<td>Stanojevi\u0107 dr Milan<\/td>\n<td>stanojevic.milan@fon.bg.ac.rs<\/td>\n<td>215<\/td>\n<\/tr>\n<tr>\n<td>Cakelji\u0107 dr Vesna<\/td>\n<td>cakeljic.vesna@fon.bg.ac.rs<\/td>\n<td>208<\/td>\n<\/tr>\n<tr>\n<td>\u0160tavljanin dr Velimir<\/td>\n<td>stavljanin.velimir@fon.bg.ac.rs<\/td>\n<td>A102<\/td>\n<\/tr>\n<\/tbody>\n<\/table>\n<\/div>\n<h3 id=\"squelch-taas-header-2\"><a href=\"#squelch-taas-accordion-shortcode-content-2\">Assisstant professors<\/a><\/h3><div id=\"squelch-taas-accordion-shortcode-content-2\" class=\"squelch-taas-accordion-shortcode-content squelch-taas-accordion-shortcode-content-2\">\n<table class=\"tabelanastavnika\" border=\"0\" width=\"70%\" cellspacing=\"0\" cellpadding=\"0\">\n<tbody>\n<tr>\n<td style=\"border: none; background-color: #5ec3ae; color: #fff;\">Name<\/td>\n<td style=\"border: none; background-color: #5ec3ae; color: #fff;\">E-mail<\/td>\n<td style=\"border: none; background-color: #5ec3ae; color: #fff;\">Office<\/td>\n<\/tr>\n<tr>\n<td>Babarogi\u0107 dr Sla\u0111an<\/td>\n<td>babarogic.sladjan@fon.bg.ac.rs<\/td>\n<td>018<\/td>\n<\/tr>\n<tr>\n<td>Bara\u0107 dr Du\u0161an<\/td>\n<td>barac.dusan@fon.bg.ac.rs<\/td>\n<td>303a<\/td>\n<\/tr>\n<tr>\n<td>Bogdanovi\u0107 dr Zorica<\/td>\n<td>bogdanovic.zorica@fon.bg.ac.rs<\/td>\n<td>303a<\/td>\n<\/tr>\n<tr>\n<td>Vaskovi\u0107 dr Vojkan<\/td>\n<td>vojkan.vaskovic@fon.bg.ac.rs<\/td>\n<td><\/td>\n<\/tr>\n<tr>\n<td>Vlastelica Baki\u0107 dr Tamara<\/td>\n<td>vlastelica.tamara@fon.bg.ac.rs<\/td>\n<td>315<\/td>\n<\/tr>\n<tr>\n<td>Vukmirovi\u0107 dr Jovanka<\/td>\n<td>vukmirovic.jovanka@fon.bg.ac.rs<\/td>\n<td><\/td>\n<\/tr>\n<tr>\n<td>\u0110okovi\u0107 dr Aleksandar<\/td>\n<td>djokovic.aleksandar@fon.bg.ac.rs<\/td>\n<td>009<\/td>\n<\/tr>\n<tr>\n<td>\u017divkovi\u0107 dr Nedeljko<\/td>\n<td>zivkovic.nedeljko@fon.bg.ac.rs<\/td>\n<td>318<\/td>\n<\/tr>\n<tr>\n<td>Jaki\u0107 dr Gordana<\/td>\n<td>jakic.gordana@fon.bg.ac.rs<\/td>\n<td>504<\/td>\n<\/tr>\n<tr>\n<td>Jevti\u0107 dr Milo\u0161<\/td>\n<td>jevtic.milos@fon.bg.ac.rs<\/td>\n<td>314<\/td>\n<\/tr>\n<tr>\n<td>Jednak dr Sandra<\/td>\n<td>jednak.sandra@fon.bg.ac.rs<\/td>\n<td>308<\/td>\n<\/tr>\n<tr>\n<td>Jeremi\u0107 dr Veljko<\/td>\n<td>jeremic.veljko@fon.bg.ac.rs<\/td>\n<td>319<\/td>\n<\/tr>\n<tr>\n<td>Jovanovi\u0107 Milenkovi\u0107 dr Marina<\/td>\n<td>jovanovic.marina@fon.bg.ac.rs<\/td>\n<td>A101<\/td>\n<\/tr>\n<tr>\n<td>Jovi\u0107 dr Marija<\/td>\n<td>jovic.marija@fon.bg.ac.rs<\/td>\n<td>008<\/td>\n<\/tr>\n<tr>\n<td>Kova\u010devi\u0107 dr Ivana<\/td>\n<td>kovacevic.ivana@fon.bg.ac.rs<\/td>\n<td>012<\/td>\n<\/tr>\n<tr>\n<td>Kuzmanovi\u0107 dr Marija<\/td>\n<td>kuzmanovic.marija@fon.bg.ac.rs<\/td>\n<td>309<\/td>\n<\/tr>\n<tr>\n<td>Labus dr Aleksandra<\/td>\n<td>labus.aleksandra@fon.bg.ac.rs<\/td>\n<td>303a<\/td>\n<\/tr>\n<tr>\n<td>Lazarevi\u0107 dr Sa\u0161a<\/td>\n<td>lazarevic.sasa@fon.bg.ac.rs<\/td>\n<td>B005<\/td>\n<\/tr>\n<tr>\n<td>Makaji\u0107-Nikoli\u0107 dr Dragana<\/td>\n<td>makajic-nikolic.dragana@fon.bg.ac.rs<\/td>\n<td>309<\/td>\n<\/tr>\n<tr>\n<td>Marinkovi\u0107 dr Sanja<\/td>\n<td>marinkovic.sanja@fon.bg.ac.rs<\/td>\n<td>301c<\/td>\n<\/tr>\n<tr>\n<td>Mijatovi\u0107 dr Ivana<\/td>\n<td>mijatovic.ivana@fon.bg.ac.rs<\/td>\n<td>315<\/td>\n<\/tr>\n<tr>\n<td>Milovanovi\u0107 dr Milo\u0161<\/td>\n<td>milovanovic.milos@fon.bg.ac.rs<\/td>\n<td>A105<\/td>\n<\/tr>\n<tr>\n<td>Minovi\u0107 dr Miroslav<\/td>\n<td>minovic.miroslav@fon.bg.ac.rs<\/td>\n<td>A102<\/td>\n<\/tr>\n<tr>\n<td>Ne\u0161kovi\u0107 dr Sini\u0161a<\/td>\n<td>neskovic.sinisa@fon.bg.ac.rs<\/td>\n<td>018<\/td>\n<\/tr>\n<tr>\n<td>Obradovi\u0107 dr Vladimir<\/td>\n<td>obradovic.vladimir@fon.bg.ac.rs<\/td>\n<td>214<\/td>\n<\/tr>\n<tr>\n<td>Panteli\u0107 dr Ognjen<\/td>\n<td>pantelic.ognjen@fon.bg.ac.rs<\/td>\n<td>315<\/td>\n<\/tr>\n<tr>\n<td>Pejovi\u0107 dr Gordana<\/td>\n<td>pejovic.gordana@fon.bg.ac.rs<\/td>\n<td><\/td>\n<\/tr>\n<tr>\n<td>Petkovi\u0107 dr Jasna<\/td>\n<td>petkovic.jasna@fon.bg.ac.rs<\/td>\n<td>301c<\/td>\n<\/tr>\n<tr>\n<td>Petrovi\u0107 dr Marko<\/td>\n<td>petrovic.marko@fon.bg.ac.rs<\/td>\n<td>012<\/td>\n<\/tr>\n<tr>\n<td>Savi\u0107 dr Gordana<\/td>\n<td>savic.gordana@fon.bg.ac.rs<\/td>\n<td>309<\/td>\n<\/tr>\n<tr>\n<td>Todorovi\u0107 dr Marija<\/td>\n<td>todorovic.marija@fon.bg.ac.rs<\/td>\n<td>311a<\/td>\n<\/tr>\n<tr>\n<td>Tomi\u0107 dr Bojan<\/td>\n<td>tomic.bojan@fon.bg.ac.rs<\/td>\n<td>305<\/td>\n<\/tr>\n<tr>\n<td>Cicvari\u0107 Kosti\u0107 dr Slavica<\/td>\n<td>cicvaric.slavica@fon.bg.ac.rs<\/td>\n<td>311b<\/td>\n<\/tr>\n<tr>\n<td>\u010cudanov dr Mladen<\/td>\n<td>cudanov.mladen@fon.bg.ac.rs<\/td>\n<td>314<\/td>\n<\/tr>\n<tr>\n<td>\u0160evarac dr Zoran<\/td>\n<td>sevarac.zoran@fon.bg.ac.rs<\/td>\n<td>305<\/td>\n<\/tr>\n<\/tbody>\n<\/table>\n<\/div>\n<h3 id=\"squelch-taas-header-3\"><a href=\"#squelch-taas-accordion-shortcode-content-3\">Teaching assistants<\/a><\/h3><div id=\"squelch-taas-accordion-shortcode-content-3\" class=\"squelch-taas-accordion-shortcode-content squelch-taas-accordion-shortcode-content-3\">\n<table class=\"tabelanastavnika\" border=\"0\" width=\"70%\" cellspacing=\"0\" cellpadding=\"0\">\n<tbody>\n<tr>\n<td style=\"border: none; background-color: #5ec3ae; color: #fff;\">Name<\/td>\n<td style=\"border: none; background-color: #5ec3ae; color: #fff;\">E-mail<\/td>\n<td style=\"border: none; background-color: #5ec3ae; color: #fff;\">Office<\/td>\n<\/tr>\n<tr>\n<td>Andri\u0107 Gu\u0161avac Bisera<\/td>\n<td>andric.bisera@fon.bg.ac.rs<\/td>\n<td>309<\/td>\n<\/tr>\n<tr>\n<td>An\u0111elkovi\u0107 Jelena<\/td>\n<td>plecas.jelena@fon.bg.ac.rs<\/td>\n<td>504<\/td>\n<\/tr>\n<tr>\n<td>An\u0111elkovi\u0107 Labrovi\u0107 dr Jelena<\/td>\n<td>andjelkovic.jelena@fon.bg.ac.rs<\/td>\n<td>012<\/td>\n<\/tr>\n<tr>\n<td>Anti\u0107 dr Slobodan<\/td>\n<td>antic.slobodan@fon.bg.ac.rs<\/td>\n<td>010<\/td>\n<\/tr>\n<tr>\n<td>Bjeladinovi\u0107 Sr\u0111a<\/td>\n<td>bjeladinovic.srdja@fon.bg.ac.rs<\/td>\n<td>501<\/td>\n<\/tr>\n<tr>\n<td>Bjelica Dragan<\/td>\n<td>bjelica.dragan@fon.bg.ac.rs<\/td>\n<td>311a<\/td>\n<\/tr>\n<tr>\n<td>Bogi\u0107evi\u0107-Sretenovi\u0107 mr Marija<\/td>\n<td>bogicevic.marija@fon.bg.ac.rs<\/td>\n<td>A105<\/td>\n<\/tr>\n<tr>\n<td>Bori\u010di\u0107 Marija<\/td>\n<td>boricic.marija@fon.bg.ac.rs<\/td>\n<td>316<\/td>\n<\/tr>\n<tr>\n<td>Vuki\u0107evi\u0107 dr Milan<\/td>\n<td>vukicevic.milan@fon.bg.ac.rs<\/td>\n<td>020b<\/td>\n<\/tr>\n<tr>\n<td>Danilovi\u0107 Milo\u0161<\/td>\n<td>danilovic.milos@fon.bg.ac.rs<\/td>\n<td>B008<\/td>\n<\/tr>\n<tr>\n<td>Dmitrovi\u0107 Veljko<\/td>\n<td>dmitrovic.veljko@fon.bg.ac.rs<\/td>\n<td>B004<\/td>\n<\/tr>\n<tr>\n<td>Dobrota Marina<\/td>\n<td>dobrota.marina@fon.bg.ac.rs<\/td>\n<td>319<\/td>\n<\/tr>\n<tr>\n<td>Dragovi\u0107 Ivana<\/td>\n<td>dragovic.ivana@fon.bg.ac.rs<\/td>\n<td>211<\/td>\n<\/tr>\n<tr>\n<td>\u0110or\u0111evi\u0107 Lena<\/td>\n<td>djordjevic.lena@fon.bg.ac.rs<\/td>\n<td>010<\/td>\n<\/tr>\n<tr>\n<td>\u0110uri\u0107 Mladen<\/td>\n<td>djuric.mladen@fon.bg.ac.rs<\/td>\n<td>004<\/td>\n<\/tr>\n<tr>\n<td>Jani\u0107ijevi\u0107 Ivan<\/td>\n<td>janicijevic.ivan@fon.bg.ac.rs<\/td>\n<td>004<\/td>\n<\/tr>\n<tr>\n<td>Jankovi\u0107 mr Marija<\/td>\n<td>jankovic.marija@fon.bg.ac.rs<\/td>\n<td><\/td>\n<\/tr>\n<tr>\n<td>Jovanovi\u0107 Bojan<\/td>\n<td>jovanovic.bojan@fon.bg.ac.rs<\/td>\n<td>020a<\/td>\n<\/tr>\n<tr>\n<td>Jovanovi\u0107 Milo\u0161<\/td>\n<td>jovanovic.milos@fon.bg.ac.rs<\/td>\n<td>020b<\/td>\n<\/tr>\n<tr>\n<td>Jovanovi\u0107 Svetlana<\/td>\n<td>jovanovic.svetlana@fon.bg.ac.rs<\/td>\n<td>310<\/td>\n<\/tr>\n<tr>\n<td>Komazec Stefan<\/td>\n<td>komazec.stefan@fon.bg.ac.rs<\/td>\n<td>314<\/td>\n<\/tr>\n<tr>\n<td>Krivokapi\u0107 \u0110or\u0111e<\/td>\n<td>krivokapic.djordje@fon.bg.ac.rs<\/td>\n<td>310<\/td>\n<\/tr>\n<tr>\n<td>Krivokapi\u0107 Jovan<\/td>\n<td>krivokapic.jovan@fon.bg.ac.rs<\/td>\n<td>314<\/td>\n<\/tr>\n<tr>\n<td>Krsmanovi\u0107 Maja<\/td>\n<td>krsmanovic.maja@fon.bg.ac.rs<\/td>\n<td>004<\/td>\n<\/tr>\n<tr>\n<td>Latinovi\u0107 Milica<\/td>\n<td>latinovic.milica@fon.bg.ac.rs<\/td>\n<td>B004<\/td>\n<\/tr>\n<tr>\n<td>Ljubi\u010di\u0107 Miroslav<\/td>\n<td>ljubicic.miroslav@fon.bg.ac.rs<\/td>\n<td>501<\/td>\n<\/tr>\n<tr>\n<td>Milenkovi\u0107 Ivan<\/td>\n<td>milenkovic.ivan@fon.bg.ac.rs<\/td>\n<td>011<\/td>\n<\/tr>\n<tr>\n<td>Miliki\u0107 Nikola<\/td>\n<td>nikola.milikic@fon.bg.ac.rs<\/td>\n<td>305<\/td>\n<\/tr>\n<tr>\n<td>Mili\u0107 Aleksandar<\/td>\n<td>milic.aleksandar@fon.bg.ac.rs<\/td>\n<td>304<\/td>\n<\/tr>\n<tr>\n<td>Mili\u0107 Milo\u0161<\/td>\n<td>milic.milos@fon.bg.ac.rs<\/td>\n<td>B006<\/td>\n<\/tr>\n<tr>\n<td>Milovanovi\u0107 Elena<\/td>\n<td>milovanovic.elena@fon.bg.ac.rs<\/td>\n<td>501<\/td>\n<\/tr>\n<tr>\n<td>Milosavljevi\u0107 Milo\u0161<\/td>\n<td>milosavljevic.milos@fon.bg.ac.rs<\/td>\n<td>B004<\/td>\n<\/tr>\n<tr>\n<td>Milutinovi\u0107 Radul<\/td>\n<td>radul.milutinovic@fon.bg.ac.rs<\/td>\n<td>007<\/td>\n<\/tr>\n<tr>\n<td>Mitrovi\u0107 Zorica<\/td>\n<td>zorica.mitrovic@fon.bg.ac.rs<\/td>\n<td>311a<\/td>\n<\/tr>\n<tr>\n<td>Mladenovi\u0107 Nada<\/td>\n<td>mladenovic.nada@fon.bg.ac.rs<\/td>\n<td>316<\/td>\n<\/tr>\n<tr>\n<td>Ne\u0161kovi\u0107 Ema<\/td>\n<td>neskovic.ema@fon.bg.ac.rs<\/td>\n<td>B008<\/td>\n<\/tr>\n<tr>\n<td>Nikodijevi\u0107 Ana<\/td>\n<td>nikodijevic.ana@fon.bg.ac.rs<\/td>\n<td>012<\/td>\n<\/tr>\n<tr>\n<td>Nikoli\u0107 Neboj\u0161a<\/td>\n<td>nikolic.nebojsa@fon.bg.ac.rs<\/td>\n<td>316<\/td>\n<\/tr>\n<tr>\n<td>Novakovi\u0107 Marija<\/td>\n<td>marija.novakovic@fon.bg.ac.rs<\/td>\n<td>504<\/td>\n<\/tr>\n<tr>\n<td>Nov\u010di\u0107 Branka<\/td>\n<td>novcic.branka@fon.bg.ac.rs<\/td>\n<td>008<\/td>\n<\/tr>\n<tr>\n<td>Obradovi\u0107 dr Tijana<\/td>\n<td>obradovic.tijana@fon.bg.ac.rs<\/td>\n<td>B004<\/td>\n<\/tr>\n<tr>\n<td>Okanovi\u0107 Milan<\/td>\n<td>okanovic.milan@fon.bg.ac.rs<\/td>\n<td>008<\/td>\n<\/tr>\n<tr>\n<td>Paji\u0107 Ana<\/td>\n<td>pajic.ana@fon.bg.ac.rs<\/td>\n<td>314<\/td>\n<\/tr>\n<tr>\n<td>Pani\u0107 mr Biljana<\/td>\n<td>panic.biljana@fon.bg.ac.rs<\/td>\n<td>309<\/td>\n<\/tr>\n<tr>\n<td>Pare\u017eanin Milo\u0161<\/td>\n<td>parezanin.milos@fon.bg.ac.rs<\/td>\n<td>007<\/td>\n<\/tr>\n<tr>\n<td>Poledica Ana<\/td>\n<td>poledica.ana@fon.bg.ac.rs<\/td>\n<td>211<\/td>\n<\/tr>\n<tr>\n<td>Popovi\u0107 Milena<\/td>\n<td>popovic.milena@fon.bg.ac.rs<\/td>\n<td>309<\/td>\n<\/tr>\n<tr>\n<td>Raki\u0107evi\u0107 Aleksandar<\/td>\n<td>rakicevic.aleksandar@fon.bg.ac.rs<\/td>\n<td>211<\/td>\n<\/tr>\n<tr>\n<td>Raki\u0107evi\u0107 Zoran<\/td>\n<td>rakicevic.zoran@fon.bg.ac.rs<\/td>\n<td>010<\/td>\n<\/tr>\n<tr>\n<td>Raki\u0107evi\u0107 Jovana<\/td>\n<td>rakicevic.jovana@fon.bg.ac.rs<\/td>\n<td>B008<\/td>\n<\/tr>\n<tr>\n<td>Ratkovi\u0107 dr Tatjana<\/td>\n<td>ivanovic.tatjana@fon.bg.ac.rs<\/td>\n<td><\/td>\n<\/tr>\n<tr>\n<td>Savi\u0107 mr Du\u0161an<\/td>\n<td>savic.dusan@fon.bg.ac.rs<\/td>\n<td>B006<\/td>\n<\/tr>\n<tr>\n<td>Simeunovi\u0107 Barbara<\/td>\n<td>simeunovic.barbara@fon.bg.ac.rs<\/td>\n<td>311c<\/td>\n<\/tr>\n<tr>\n<td>Stanojevi\u0107 mr Vojislav<\/td>\n<td>stanojevic.vojislav@fon.bg.ac.rs<\/td>\n<td>B006<\/td>\n<\/tr>\n<tr>\n<td>Stojanovi\u0107 Dragana<\/td>\n<td>stojanovic.dragana@fon.bg.ac.rs<\/td>\n<td>311c<\/td>\n<\/tr>\n<tr>\n<td>Stojimirovi\u0107 Dejan<\/td>\n<td>stojimirovic.dejan@fon.bg.ac.rs<\/td>\n<td>018<\/td>\n<\/tr>\n<tr>\n<td><a href=\"http:\/\/oldfon.fon.bg.ac.rs\/downloads\/sites\/2\/2015\/10\/CV-Ivan-Todorovic-2015.pdf\" target=\"_blank\">Todorovi\u0107 Ivan<\/a><\/td>\n<td>todorovic.ivan@fon.bg.ac.rs<\/td>\n<td>311a<\/td>\n<\/tr>\n<tr>\n<td>Toljaga \u2013 Nikoli\u0107 Danijela<\/td>\n<td>toljaga.danijela@fon.bg.ac.rs<\/td>\n<td><\/td>\n<\/tr>\n<tr>\n<td>Toma\u0161evi\u0107 Ivan<\/td>\n<td>tomasevic.ivan@fon.bg.ac.rs<\/td>\n<td>311c<\/td>\n<\/tr>\n<tr>\n<td>Toti\u0107 mr Selena<\/td>\n<td>totic.selena@fon.bg.ac.rs<\/td>\n<td>009<\/td>\n<\/tr>\n<tr>\n<td>Trajkovi\u0107 mr Ana<\/td>\n<td>trajkovic.ana@fon.bg.ac.rs<\/td>\n<td>004<\/td>\n<\/tr>\n<tr>\n<td>Turajli\u0107 dr Nina<\/td>\n<td>turajlic.nina@fon.bg.ac.rs<\/td>\n<td>018<\/td>\n<\/tr>\n<tr>\n<td>\u0106irovi\u0107 Marko<\/td>\n<td>marko.cirovic@fon.bg.ac.rs<\/td>\n<td>B008<\/td>\n<\/tr>\n<tr>\n<td>Horvat Ana<\/td>\n<td>horvat.ana@fon.bg.ac.rs<\/td>\n<td>004<\/td>\n<\/tr>\n<tr>\n<td>Cveti\u0107 mr Biljana<\/td>\n<td>cvetic.biljana@fon.bg.ac.rs<\/td>\n<td>B008<\/td>\n<\/tr>\n<tr>\n<td>\u0160o\u0161evi\u0107 Uro\u0161<\/td>\n<td>sosevic.uros@fon.bg.ac.rs<\/td>\n<td>A105<\/td>\n<\/tr>\n<\/tbody>\n<\/table>\n<\/div>\n<h3 id=\"squelch-taas-header-4\"><a href=\"#squelch-taas-accordion-shortcode-content-4\">Teaching assistant-trainees<\/a><\/h3><div id=\"squelch-taas-accordion-shortcode-content-4\" class=\"squelch-taas-accordion-shortcode-content squelch-taas-accordion-shortcode-content-4\">\n<table class=\"tabelanastavnika\" border=\"0\" width=\"70%\" cellspacing=\"0\" cellpadding=\"0\">\n<tbody>\n<tr>\n<td style=\"border: none; background-color: #5ec3ae; color: #fff;\">Name<\/td>\n<td style=\"border: none; background-color: #5ec3ae; color: #fff;\">E-mail<\/td>\n<td style=\"border: none; background-color: #5ec3ae; color: #fff;\">Office<\/td>\n<\/tr>\n<tr>\n<td>\u0110or\u0111evi\u0107 Jelena<\/td>\n<td>djordjevic.jelena@fon.bg.ac.rs<\/td>\n<td><\/td>\n<\/tr>\n<\/tbody>\n<\/table>\n<\/div>\n<h3 id=\"squelch-taas-header-5\"><a href=\"#squelch-taas-accordion-shortcode-content-5\">Supporting assistants<\/a><\/h3><div id=\"squelch-taas-accordion-shortcode-content-5\" class=\"squelch-taas-accordion-shortcode-content squelch-taas-accordion-shortcode-content-5\">\n<table class=\"tabelanastavnika\" border=\"0\" width=\"70%\" cellspacing=\"0\" cellpadding=\"0\">\n<tbody>\n<tr>\n<td style=\"border: none; background-color: #5ec3ae; color: #fff;\">Name<\/td>\n<td style=\"border: none; background-color: #5ec3ae; color: #fff;\">E-mail<\/td>\n<td style=\"border: none; background-color: #5ec3ae; color: #fff;\">Office<\/td>\n<\/tr>\n<tr>\n<td>Backovi\u0107 Nemanja<\/td>\n<td>nemanja.backovic@fon.bg.ac.rs<\/td>\n<td>007<\/td>\n<\/tr>\n<tr>\n<td>Milenkovi\u0107 Nemanja<\/td>\n<td>milenkovic.nemanja@fon.bg.ac.rs<\/td>\n<td>009<\/td>\n<\/tr>\n<tr>\n<td>Milo\u0161evi\u0107 Nela<\/td>\n<td>nela.milosevic@fon.bg.ac.rs<\/td>\n<td>B004<\/td>\n<\/tr>\n<tr>\n<td>D\u017eami\u0107 Du\u0161an<\/td>\n<td>dusan.dzamic@fon.bg.ac.rs<\/td>\n<td>316<\/td>\n<\/tr>\n<\/tbody>\n<\/table>\n<\/div><\/div>\n\n","protected":false},"excerpt":{"rendered":"","protected":false},"author":1,"featured_media":0,"parent":17,"menu_order":0,"comment_status":"closed","ping_status":"closed","template":"page-osnovni.php","meta":{"footnotes":""},"_links":{"self":[{"href":"https:\/\/oldfon.fon.bg.ac.rs\/eng\/wp-json\/wp\/v2\/pages\/25"}],"collection":[{"href":"https:\/\/oldfon.fon.bg.ac.rs\/eng\/wp-json\/wp\/v2\/pages"}],"about":[{"href":"https:\/\/oldfon.fon.bg.ac.rs\/eng\/wp-json\/wp\/v2\/types\/page"}],"author":[{"embeddable":true,"href":"https:\/\/oldfon.fon.bg.ac.rs\/eng\/wp-json\/wp\/v2\/users\/1"}],"replies":[{"embeddable":true,"href":"https:\/\/oldfon.fon.bg.ac.rs\/eng\/wp-json\/wp\/v2\/comments?post=25"}],"version-history":[{"count":9,"href":"https:\/\/oldfon.fon.bg.ac.rs\/eng\/wp-json\/wp\/v2\/pages\/25\/revisions"}],"predecessor-version":[{"id":538,"href":"https:\/\/oldfon.fon.bg.ac.rs\/eng\/wp-json\/wp\/v2\/pages\/25\/revisions\/538"}],"up":[{"embeddable":true,"href":"https:\/\/oldfon.fon.bg.ac.rs\/eng\/wp-json\/wp\/v2\/pages\/17"}],"wp:attachment":[{"href":"https:\/\/oldfon.fon.bg.ac.rs\/eng\/wp-json\/wp\/v2\/media?parent=25"}],"curies":[{"name":"wp","href":"https:\/\/api.w.org\/{rel}","templated":true}]}}