{"id":29,"date":"2014-12-10T14:57:36","date_gmt":"2014-12-10T13:57:36","guid":{"rendered":"http:\/\/www.fon.bg.ac.rs\/eng\/?page_id=29"},"modified":"2023-05-09T14:58:32","modified_gmt":"2023-05-09T12:58:32","slug":"departments","status":"publish","type":"page","link":"https:\/\/oldfon.fon.bg.ac.rs\/eng\/about-fos\/departments\/","title":{"rendered":"Departments"},"content":{"rendered":"<div id=\"squelch-taas-accordion-0\" class=\"squelch-taas-accordion squelch-taas-override\" data-active=\"\" data-disabled=\"false\" data-autoheight=\"false\" data-collapsible=\"true\"><h3 id=\"squelch-taas-header-0\"><a href=\"#squelch-taas-accordion-shortcode-content-0\">Department of Economics, Business Planning and International Management<\/a><\/h3><div id=\"squelch-taas-accordion-shortcode-content-0\" class=\"squelch-taas-accordion-shortcode-content squelch-taas-accordion-shortcode-content-0\">\n<div class=\"kat\">\n<p>HEAD OF DEPARTMENT: <span class=\"spankat\">Dragana Kragulj, Full Professor<\/span><\/p>\n<p>HEAD OF DEPARTMENT DEPUTY:<span class=\"spankat\">\u00a0Bojan Ili\u0107,\u00a0Full\u00a0Professor<\/span><\/p>\n<p>DEPARTMENT SECRETARY:\u00a0MSc Milo\u0161 Pare\u017eanin<\/p>\n<p>The Department of Economics, Business Planning and International Management also encompasses:<\/p>\n<ul>\n<li>Center for Economic and Business Research<br \/>\nManager: <span class=\"spankat\">Sandra Jednak, Full Professor<br \/>\n<\/span><\/li>\n<\/ul>\n<\/div>\n<\/div>\n<h3 id=\"squelch-taas-header-1\"><a href=\"#squelch-taas-accordion-shortcode-content-1\">Department of E-business<\/a><\/h3><div id=\"squelch-taas-accordion-shortcode-content-1\" class=\"squelch-taas-accordion-shortcode-content squelch-taas-accordion-shortcode-content-1\">\n<div class=\"kat\">\n<p>HEAD OF DEPARTMENT: Professor Marijana Despotovi\u0107-Zraki\u0107<span class=\"spankat\">\u00a0<\/span><\/p>\n<p>HEAD OF DEPARTMENT DEPUTY:\u00a0Professor Zorica Bogdanovi\u0107<\/p>\n<p>DEPARTMENT SECRETARY:\u00a0Professor Aleksandra Labus<span class=\"spankat\"><br \/>\n<\/span><\/p>\n<p>The Department of E-business also encompasses:<\/p>\n<ul>\n<li>Laboratory for E-business<br \/>\nManager: <span class=\"spankat\">Professor Bo\u017eidar Radenkovi\u0107<br \/>\n<a href=\"https:\/\/en.elab.fon.bg.ac.rs\/department-for-e-business\/\" target=\"_blank\">https:\/\/en.elab.fon.bg.ac.rs\/department-for-e-business\/<\/a>\u00a0<\/span><\/li>\n<\/ul>\n<ul>\n<li>Laboratory for Simulation<br \/>\nManager: <span class=\"spankat\">Professor Marijana Despotovi\u0107-Zraki\u0107<\/span><br \/>\n<a href=\"https:\/\/en.elab.fon.bg.ac.rs\/simulation-lab\/\">https:\/\/en.elab.fon.bg.ac.rs\/simulation-lab\/<\/a><\/li>\n<\/ul>\n<\/div>\n<\/div>\n<h3 id=\"squelch-taas-header-2\"><a href=\"#squelch-taas-accordion-shortcode-content-2\">Department of Industrial and Management Engineering<\/a><\/h3><div id=\"squelch-taas-accordion-shortcode-content-2\" class=\"squelch-taas-accordion-shortcode-content squelch-taas-accordion-shortcode-content-2\">\n<div class=\"kat\">\n<p>HEAD OF DEPARTMENT: <span class=\"spankat\">Professor Dragoslav Slovi\u0107<\/span><\/p>\n<p>HEAD OF DEPARTMENT DEPUTY:\u00a0<span class=\"spankat\">Professor Barbara Simeunovi\u0107<\/span><br \/>\nDEPARTMENT SECRETARY:\u00a0Ivona Jovanovi\u0107<\/p>\n<p>The Department of Industrial and Management Engineering also encompasses:<\/p>\n<ul>\n<ul>\n<li>Center for Process Engineering<\/li>\n<\/ul>\n<\/ul>\n<p>Manager:\u00a0Professor\u00a0<span class=\"spankat\">Barbara Simeunovi\u0107<\/span><\/p>\n<ul>\n<ul>\n<li>Laboratory for Work Study<br \/>\nManager:\u00a0Dragana Stojanovi\u0107<\/li>\n<\/ul>\n<ul>\n<li>Lean center<br \/>\nManager: <span class=\"spankat\">Professor Dragoslav Slovi\u0107<\/span><\/li>\n<\/ul>\n<\/ul>\n<\/div>\n<\/div>\n<h3 id=\"squelch-taas-header-3\"><a href=\"#squelch-taas-accordion-shortcode-content-3\">Department for Interdisciplinary Research in Management<br \/>\n<\/a><\/h3><div id=\"squelch-taas-accordion-shortcode-content-3\" class=\"squelch-taas-accordion-shortcode-content squelch-taas-accordion-shortcode-content-3\">\n<div class=\"kat\">\n<p>HEAD OF DEPARTMENT: <span class=\"spankat\">Professor Vladmir Obradovi\u0107<\/span><\/p>\n<p>DEPARTMENT SECRETARY: Professor\u00a0<span class=\"spankat\">Marija Todorovi\u0107<\/span><\/p>\n<p>The Department for Interdisciplinary Research in Management also encompasses:<\/p>\n<ul>\n<li>Center for Interdisciplinary Research in Management<\/li>\n<\/ul>\n<\/div>\n<\/div>\n<h3 id=\"squelch-taas-header-4\"><a href=\"#squelch-taas-accordion-shortcode-content-4\">Department of Information Systems<\/a><\/h3><div id=\"squelch-taas-accordion-shortcode-content-4\" class=\"squelch-taas-accordion-shortcode-content squelch-taas-accordion-shortcode-content-4\">\n<div class=\"kat\">\n<p>HEAD OF DEPARTMENT: <span class=\"spankat\">Professor Nenad Ani\u010di\u0107<\/span><\/p>\n<p>HEAD OF DEPARTMENT DEPUTY: <span class=\"spankat\">Professor Sla\u0111an Babarogi\u0107<\/span><\/p>\n<p>DEPARTMENT SECRETARY:\u00a0<span class=\"spankat\">Olga Jeji\u0107<\/span><\/p>\n<p>The Department of Information Systems also encompasses:<\/p>\n<ul>\n<li>Laboratory for Information Systems \u2013 dr Branislav Lazarevi\u0107<br \/>\nManager: <span class=\"spankat\">Professor\u00a0Sla\u0111an Babarogi\u0107<\/span><\/li>\n<\/ul>\n<ul>\n<li>Centre for Information Systems Development<br \/>\nManager: <span class=\"spankat\">Professor\u00a0Nenad Ani\u010di\u0107<\/span><\/li>\n<\/ul>\n<\/div>\n<\/div>\n<h3 id=\"squelch-taas-header-5\"><a href=\"#squelch-taas-accordion-shortcode-content-5\">Department of Information Technologies<\/a><\/h3><div id=\"squelch-taas-accordion-shortcode-content-5\" class=\"squelch-taas-accordion-shortcode-content squelch-taas-accordion-shortcode-content-5\">\n<div class=\"kat\">\n<p>HEAD OF DEPARTMENT: <span class=\"spankat\">Professor Dejan Simi\u0107<\/span><\/p>\n<p>HEAD OF DEPARTMENT DEPUTY: <span class=\"spankat\">Professor\u00a0Miroslav Minovi\u0107<\/span><\/p>\n<p>DEPARTMENT SECRETARY:\u00a0Bojan Mar\u010deta<\/p>\n<p>The Department of Information Technologies also encompasses:<\/p>\n<ul>\n<li>Laboratory for Multimedia Communication<br \/>\nManager: <span class=\"spankat\">Professor\u00a0Miroslav Minovi\u0107<\/span><br \/>\n<a href=\"http:\/\/mmk.fon.bg.ac.rs\">http:\/\/mmk.fon.bg.ac.rs<\/a><\/li>\n<\/ul>\n<ul>\n<li>Innovations Centre for ICT Development and Application<br \/>\nManager: <span class=\"spankat\">Professor Milo\u0161 Milovanovi\u0107<\/span><br \/>\n<a href=\"http:\/\/www.ic.fon.bg.ac.rs\">http:\/\/www.ic.fon.bg.ac.rs<\/a><\/li>\n<\/ul>\n<\/div>\n<\/div>\n<h3 id=\"squelch-taas-header-6\"><a href=\"#squelch-taas-accordion-shortcode-content-6\">Department of Marketing Management and Public Relations<\/a><\/h3><div id=\"squelch-taas-accordion-shortcode-content-6\" class=\"squelch-taas-accordion-shortcode-content squelch-taas-accordion-shortcode-content-6\">\n<div class=\"kat\">\n<p>HEAD OF DEPARTMENT: <span class=\"spankat\">Professor\u00a0Milica Kosti\u0107 Stankovi\u0107<\/span><\/p>\n<p>HEAD OF DEPARTMENT DEPUTY: <span class=\"spankat\">Professor Velimir \u0160tavljanin<\/span><\/p>\n<p>DEPARTMENT SECRETARY:\u00a0Dejana Nikoli\u0107<\/p>\n<p>The Department of Marketing Management and Public Relations also encompasses:<\/p>\n<ul>\n<li>Centre for Marketing<br \/>\nManager:\u00a0Professor Slavica Cicvari\u0107 Kosti\u0107<\/li>\n<\/ul>\n<ul>\n<li>Centre for Public Relations<br \/>\nManager: <span class=\"spankat\">Professor\u00a0Marija Jovi\u0107<\/span><\/li>\n<\/ul>\n<\/div>\n<\/div>\n<h3 id=\"squelch-taas-header-7\"><a href=\"#squelch-taas-accordion-shortcode-content-7\">Department for Mathematics<\/a><\/h3><div id=\"squelch-taas-accordion-shortcode-content-7\" class=\"squelch-taas-accordion-shortcode-content squelch-taas-accordion-shortcode-content-7\">\n<div class=\"kat\">\n<p>HEAD OF DEPARTMENT: <span class=\"spankat\">Professor\u00a0Neboj\u0161a Nikoli\u0107<\/span><\/p>\n<p>HEAD OF DEPARTMENT DEPUTY: <span class=\"spankat\">Professor\u00a0Milica Stojanovi\u0107<\/span><\/p>\n<p>DEPARTMENT SECRETARY:<\/p>\n<p>The Department for Mathematics also encompasses:<\/p>\n<ul>\n<li>Laboratory for Mathematics<br \/>\nManager: <span class=\"spankat\">Professor\u00a0Neboj\u0161a Nikoli\u0107<\/span><br \/>\n<a href=\"http:\/\/math.fon.bg.ac.rs\">http:\/\/math.fon.bg.ac.rs<\/a><\/li>\n<\/ul>\n<\/div>\n<\/div>\n<h3 id=\"squelch-taas-header-8\"><a href=\"#squelch-taas-accordion-shortcode-content-8\">Department of Management and  Project Management<\/a><\/h3><div id=\"squelch-taas-accordion-shortcode-content-8\" class=\"squelch-taas-accordion-shortcode-content squelch-taas-accordion-shortcode-content-8\">\n<div class=\"kat\">\n<p>HEAD OF DEPARTMENT: <span class=\"spankat\">Professor\u00a0Dejan Petrovi\u0107<\/span><\/p>\n<p>HEAD OF DEPARTMENT DEPUTY: <span class=\"spankat\">\u00a0Dragan Bjelica<\/span><\/p>\n<p>DEPARTMENT SECRETARY:<span class=\"spankat\">\u00a0An\u0111elija \u0110or\u0111evi\u0107<\/span><\/p>\n<p>The Department of Management and Specialized Management Disciplines also encompasses:<\/p>\n<ul>\n<li>Centre for Investment Management<br \/>\nManager:\u00a0\u00a0Professor Dejan Petrovi\u0107<\/li>\n<\/ul>\n<ul>\n<li>Centre for Project Management-dr Petar Jovanovi\u0107<br \/>\nManager: Dragan Bjelica<\/li>\n<\/ul>\n<\/div>\n<\/div>\n<h3 id=\"squelch-taas-header-9\"><a href=\"#squelch-taas-accordion-shortcode-content-9\">Department of Human Resources Management<\/a><\/h3><div id=\"squelch-taas-accordion-shortcode-content-9\" class=\"squelch-taas-accordion-shortcode-content squelch-taas-accordion-shortcode-content-9\">\n<div class=\"kat\">\n<p>HEAD OF DEPARTMENT: <span class=\"spankat\">Professor\u00a0Slobodan Miladinovi\u0107<\/span><\/p>\n<p>HEAD OF DEPARTMENT DEPUTY: <span class=\"spankat\">Professor\u00a0Ivana Kova\u010devi\u0107<\/span><\/p>\n<p>DEPARTMENT SECRETARY: <span class=\"spankat\">\u00a0Ivana Ku\u017eet<\/span><\/p>\n<p>The Department of Human Resources Management also encompasses:<\/p>\n<ul>\n<li>Centre for Human Resources Management<br \/>\nManager: <span class=\"spankat\"> Professor\u00a0Ivana Kova\u010devi\u0107<\/span><\/li>\n<\/ul>\n<\/div>\n<\/div>\n<h3 id=\"squelch-taas-header-10\"><a href=\"#squelch-taas-accordion-shortcode-content-10\">Department of Management of Technology, Innovations and Sustainable Development<\/a><\/h3><div id=\"squelch-taas-accordion-shortcode-content-10\" class=\"squelch-taas-accordion-shortcode-content squelch-taas-accordion-shortcode-content-10\">\n<div class=\"kat\">\n<p>HEAD OF DEPARTMENT: <span class=\"spankat\">Professor\u00a0Biljana Sto\u0161i\u0107<\/span><\/p>\n<p>HEAD OF DEPARTMENT DEPUTY: <span class=\"spankat\">Professor\u00a0Nata\u0161a Petrovi\u0107<\/span><\/p>\n<p>DEPARTMENT SECRETARY: <span class=\"spankat\">Marko \u0106irovi\u0107<\/span><\/p>\n<p>The Department of Technology, Innovations and Development Management also encompasses:<\/p>\n<ul>\n<li>Centre for Technology Management<br \/>\nManager: <span class=\"spankat\">Professor Jasna Petkovi\u0107\u00a0<\/span><\/li>\n<\/ul>\n<ul>\n<li>Centre for Environmental Management and Sustainable Development<br \/>\nManager: <span class=\"spankat\">Professor Nata\u0161a Petrovi\u0107<\/span><\/li>\n<\/ul>\n<\/div>\n<\/div>\n<h3 id=\"squelch-taas-header-11\"><a href=\"#squelch-taas-accordion-shortcode-content-11\">Department of Operations Research and Statistics<\/a><\/h3><div id=\"squelch-taas-accordion-shortcode-content-11\" class=\"squelch-taas-accordion-shortcode-content squelch-taas-accordion-shortcode-content-11\">\n<div class=\"kat\">\n<p>HEAD OF DEPARTMENT: <span class=\"spankat\">Professor\u00a0Zoran Radoji\u010di\u0107<\/span><\/p>\n<p>HEAD OF DEPARTMENT DEPUTY: <span class=\"spankat\">Professor\u00a0Gordana Savi\u0107<\/span><\/p>\n<p>DEPARTMENT SECRETARY:\u00a0<span class=\"spankat\">Milena Popovi\u0107<\/span><\/p>\n<p>The Department of Operations Research and Statistics also encompasses:<\/p>\n<ul>\n<li>Laboratory for Operations Research \u2013 Dr Jovan Petri\u0107<br \/>\nManager: <span class=\"spankat\">Professor\u00a0Gordana Savi\u0107<\/span><br \/>\n<a href=\"http:\/\/www.laboi.fon.bg.ac.rs\">http:\/\/www.laboi.fon.bg.ac.rs<\/a><\/li>\n<\/ul>\n<ul>\n<li>Laboratory for Statistics<br \/>\nManager: <span class=\"spankat\">Professor Zoran Radoji\u010di\u0107<\/span><br \/>\n<a href=\"http:\/\/statlab.fon.bg.ac.rs\">http:\/\/statlab.fon.bg.ac.rs<\/a><\/li>\n<\/ul>\n<ul>\n<li>Center for Efficiency Analysis<br \/>\nManager: <span class=\"spankat\">Professor Gordana Savi\u0107<\/span><\/li>\n<\/ul>\n<\/div>\n<\/div>\n<h3 id=\"squelch-taas-header-12\"><a href=\"#squelch-taas-accordion-shortcode-content-12\">Department of Business Systems Organization<\/a><\/h3><div id=\"squelch-taas-accordion-shortcode-content-12\" class=\"squelch-taas-accordion-shortcode-content squelch-taas-accordion-shortcode-content-12\">\n<div class=\"kat\">\n<p>HEAD OF DEPARTMENT: <span class=\"spankat\">Professor Ondrej Ja\u0161ko<\/span><\/p>\n<p>HEAD OF DEPARTMENT DEPUTY: <span class=\"spankat\">Professor Boris Deliba\u0161i\u0107<\/span><\/p>\n<p>DEPARTMENT SECRETARY: <span class=\"spankat\">Ivan Todorovi\u0107<\/span><\/p>\n<p>The Department of Business Systems Organization also encompasses:<\/p>\n<ul>\n<li>Centre for Business Systems Organization<br \/>\nManager: <span class=\"spankat\">\u00a0Professor Mladen \u010cudanov<\/span><\/li>\n<\/ul>\n<ul>\n<li>Centre for Public Administration<br \/>\nManager: <span class=\"spankat\">Professor Ondrej Ja\u0161ko<\/span><\/li>\n<\/ul>\n<ul>\n<li>Centre for Business Decision-making<br \/>\nManager: <span class=\"spankat\">Professor Boris Deliba\u0161i\u0107<\/span><\/li>\n<\/ul>\n<ul>\n<li>Centre for Cyber Forensics<br \/>\nManager: <span class=\"spankat\">Professor\u00a0Milo\u0161 Jovanovi\u0107<\/span><\/li>\n<\/ul>\n<\/div>\n<\/div>\n<h3 id=\"squelch-taas-header-13\"><a href=\"#squelch-taas-accordion-shortcode-content-13\">Department of Computer-integrated Production and Logistics<\/a><\/h3><div id=\"squelch-taas-accordion-shortcode-content-13\" class=\"squelch-taas-accordion-shortcode-content squelch-taas-accordion-shortcode-content-13\">\n<div class=\"kat\">\n<p>HEAD OF DEPARTMENT: <span class=\"spankat\">Professor\u00a0Dragan Vasiljevi\u0107<\/span><\/p>\n<p>HEAD OF DEPARTMENT DEPUTY: <span class=\"spankat\">\u00a0<\/span><\/p>\n<p>DEPARTMENT SECRETARY:\u00a0<span class=\"spankat\">Biljana Cveti\u0107\u00a0<\/span><\/p>\n<p>The Department of Computer-integrated Production and Logistics also encompasses:<\/p>\n<ul>\n<li>Laboratory for Computer-integrated Production<br \/>\nManager: Milo\u0161 Danilovi\u0107<\/li>\n<\/ul>\n<\/div>\n<\/div>\n<h3 id=\"squelch-taas-header-14\"><a href=\"#squelch-taas-accordion-shortcode-content-14\">Department of Software Engineering<\/a><\/h3><div id=\"squelch-taas-accordion-shortcode-content-14\" class=\"squelch-taas-accordion-shortcode-content squelch-taas-accordion-shortcode-content-14\">\n<div class=\"kat\">\n<p>HEAD OF DEPARTMENT: <span class=\"spankat\">Professor Vladan Deved\u017ei\u0107<\/span><\/p>\n<p>HEAD OF DEPARTMENT DEPUTY: <span class=\"spankat\">Professor Sa\u0161a Lazarevi\u0107<\/span><\/p>\n<p>DEPARTMENT SECRETARY:\u00a0<span class=\"spankat\">Milo\u0161 Mili\u0107<\/span><\/p>\n<p>The Department of Software Engineering also encompasses:<\/p>\n<ul>\n<li>Laboratory for Software Engineering<br \/>\nManager: <span class=\"spankat\">Professor Sa\u0161a Lazarevi\u0107<\/span><\/li>\n<\/ul>\n<ul>\n<li>Laboratory for Artificial Intelligence<br \/>\nManager: <span class=\"spankat\">Professor\u00a0Bojan Tomi\u0107<\/span><br \/>\n<a href=\"http:\/\/ai.fon.bg.ac.rs\">http:\/\/ai.fon.bg.ac.rs<\/a><\/li>\n<\/ul>\n<ul>\n<li>Centre for Open-code Software Development<br \/>\nManager:<span class=\"spankat\">\u00a0Professor Zoran \u0160evarac<\/span><br \/>\n<a href=\"http:\/\/opensource.fon.bg.ac.rs\">http:\/\/opensource.fon.bg.ac.rs<\/a><\/li>\n<\/ul>\n<\/div>\n<\/div>\n<h3 id=\"squelch-taas-header-15\"><a href=\"#squelch-taas-accordion-shortcode-content-15\">Department of Quality Management and Standardization<\/a><\/h3><div id=\"squelch-taas-accordion-shortcode-content-15\" class=\"squelch-taas-accordion-shortcode-content squelch-taas-accordion-shortcode-content-15\">\n<div class=\"kat\">\n<p>HEAD OF DEPARTMENT: <span class=\"spankat\">Professor Jovan Filipovi\u0107<\/span><\/p>\n<p>HEAD OF DEPARTMENT DEPUTY: <span class=\"spankat\">Professor Ivana Mijatovi\u0107<\/span><\/p>\n<p>DEPARTMENT SECRETARY:\u00a0<span class=\"spankat\">Jelena Ruso<\/span><\/p>\n<p>The Department of Quality Management also encompasses:<\/p>\n<ul>\n<li>Laboratory for Quality Control<br \/>\nManager: <span class=\"spankat\">Professor\u00a0Ivana Mijatovi\u0107<\/span><\/li>\n<\/ul>\n<ul>\n<li>Metrology Laboratory<br \/>\nManager: <span class=\"spankat\">\u00a0Professor Nedeljko \u017divkovi\u0107<\/span><\/li>\n<\/ul>\n<ul>\n<li>Centre for Quality<br \/>\nManager:\u00a0Professor Jovan Filipovi\u0107<\/li>\n<\/ul>\n<\/div>\n<\/div>\n<h3 id=\"squelch-taas-header-16\"><a href=\"#squelch-taas-accordion-shortcode-content-16\">Department for Production and Services Management<\/a><\/h3><div id=\"squelch-taas-accordion-shortcode-content-16\" class=\"squelch-taas-accordion-shortcode-content squelch-taas-accordion-shortcode-content-16\">\n<div class=\"kat\">\n<p>HEAD OF DEPARTMENT: <span class=\"spankat\">Professor\u00a0Danica Le\u010di\u0107 Cvetkovi\u0107<\/span><\/p>\n<p>HEAD OF DEPARTMENT DEPUTY:\u00a0<span class=\"spankat\">Professor\u00a0Lena \u0110r\u0111evi\u0107 Milutinovi\u0107<\/span><\/p>\n<p>DEPARTMENT SECRETARY:\u00a0<span class=\"spankat\">Professor\u00a0Teodora Rajkovi\u0107<\/span><\/p>\n<p>The Department for Production and Services Management also encompasses:<\/p>\n<ul>\n<li>Centre for Operations Management<br \/>\nManager: <span class=\"spankat\">Professor Danica Le\u010di\u0107 Cvetkovi\u0107<\/span><\/li>\n<\/ul>\n<ul>\n<li>Centre for SMEs and Entrepreneurship<br \/>\nManager:\u00a0Zoran Raki\u0107evi\u0107<\/li>\n<\/ul>\n<\/div>\n<\/div>\n<h3 id=\"squelch-taas-header-17\"><a href=\"#squelch-taas-accordion-shortcode-content-17\">Department of Financial Management and Accounting<\/a><\/h3><div id=\"squelch-taas-accordion-shortcode-content-17\" class=\"squelch-taas-accordion-shortcode-content squelch-taas-accordion-shortcode-content-17\">\n<div class=\"kat\">\n<p>HEAD OF DEPARTMENT: <span class=\"spankat\">Professor\u00a0Sla\u0111ana Benkovi\u0107<\/span><\/p>\n<p>HEAD OF DEPARTMENT DEPUTY: <span class=\"spankat\">Professor\u00a0Milo\u0161 Milosavljevi\u0107<\/span><\/p>\n<p>DEPARTMENT SECRETARY:\u00a0<span class=\"spankat\">\u017deljko Spaseni\u0107<\/span><\/p>\n<p>The Department of Financial Management also encompasses:<\/p>\n<ul>\n<li>Centre for Financial Market Development<br \/>\nManager:\u00a0Milica Latinovi\u0107<\/li>\n<\/ul>\n<\/div>\n<\/div>\n<h3 id=\"squelch-taas-header-18\"><a href=\"#squelch-taas-accordion-shortcode-content-18\">Department of Systems Theory and Control<\/a><\/h3><div id=\"squelch-taas-accordion-shortcode-content-18\" class=\"squelch-taas-accordion-shortcode-content squelch-taas-accordion-shortcode-content-18\">\n<div class=\"kat\">\n<p>HEAD OF DEPARTMENT:\u00a0Professor <span class=\"spankat\">Ivana Dragovi\u0107<\/span><\/p>\n<p>HEAD OF DEPARTMENT DEPUTY:\u00a0<span class=\"spankat\">Professor Ana Poledica<\/span><\/p>\n<p>DEPARTMENT SECRETARY: <span class=\"spankat\">Pavle Milo\u0161evi\u0107<\/span><\/p>\n<p>The Department of Systems Theory and Control also encompasses:<\/p>\n<ul>\n<li>Laboratory<br \/>\nManager:\u00a0Professor Ivana Dragovi\u0107<br \/>\n<a href=\"http:\/\/labsys.fon.bg.ac.rs\/\">http:\/\/labsys.fon.bg.ac.rs\/<\/a><\/li>\n<\/ul>\n<\/div>\n<\/div><\/div>\n\n","protected":false},"excerpt":{"rendered":"","protected":false},"author":1,"featured_media":0,"parent":17,"menu_order":0,"comment_status":"closed","ping_status":"closed","template":"page-osnovni.php","meta":{"footnotes":""},"_links":{"self":[{"href":"https:\/\/oldfon.fon.bg.ac.rs\/eng\/wp-json\/wp\/v2\/pages\/29"}],"collection":[{"href":"https:\/\/oldfon.fon.bg.ac.rs\/eng\/wp-json\/wp\/v2\/pages"}],"about":[{"href":"https:\/\/oldfon.fon.bg.ac.rs\/eng\/wp-json\/wp\/v2\/types\/page"}],"author":[{"embeddable":true,"href":"https:\/\/oldfon.fon.bg.ac.rs\/eng\/wp-json\/wp\/v2\/users\/1"}],"replies":[{"embeddable":true,"href":"https:\/\/oldfon.fon.bg.ac.rs\/eng\/wp-json\/wp\/v2\/comments?post=29"}],"version-history":[{"count":43,"href":"https:\/\/oldfon.fon.bg.ac.rs\/eng\/wp-json\/wp\/v2\/pages\/29\/revisions"}],"predecessor-version":[{"id":1419,"href":"https:\/\/oldfon.fon.bg.ac.rs\/eng\/wp-json\/wp\/v2\/pages\/29\/revisions\/1419"}],"up":[{"embeddable":true,"href":"https:\/\/oldfon.fon.bg.ac.rs\/eng\/wp-json\/wp\/v2\/pages\/17"}],"wp:attachment":[{"href":"https:\/\/oldfon.fon.bg.ac.rs\/eng\/wp-json\/wp\/v2\/media?parent=29"}],"curies":[{"name":"wp","href":"https:\/\/api.w.org\/{rel}","templated":true}]}}