{"id":476,"date":"2014-12-22T18:10:20","date_gmt":"2014-12-22T17:10:20","guid":{"rendered":"http:\/\/www.fon.bg.ac.rs\/eng\/?page_id=476"},"modified":"2016-11-03T09:13:40","modified_gmt":"2016-11-03T08:13:40","slug":"courses-in-english","status":"publish","type":"page","link":"https:\/\/oldfon.fon.bg.ac.rs\/eng\/studies\/undergraduate-studies\/courses-in-english\/","title":{"rendered":"Courses in English"},"content":{"rendered":"<p style=\"text-align: justify;\">As a part of internationalization agenda of the University of Belgrade, Faculty of Organizational Sciences, we offer limited number of courses that have lectures given in English. There is steady increase of the number of courses offered in English each year.<\/p>\n<h3 style=\"text-align: justify;\">Winter semestar<\/h3>\n<p style=\"text-align: justify;\"><strong>Programming 2<br \/>\n<\/strong><em>Lecturers:<\/em> prof. dr Vladan Deved\u017ei\u0107, doc. dr Dragan \u0110uri\u0107, dr Zoran \u0160evarac, dr Bojan Tomi\u0107, dr Jelena Jovanovi\u0107, Nikola Miliki\u0107<\/p>\n<p style=\"text-align: justify;\"><strong>Marketing<\/strong><br \/>\n<em>Lecturers:<\/em> prof. dr Milica Kosti\u0107 Stankovi\u0107, prof. dr Radmila Jani\u010di\u0107, doc. dr Velimir \u0160tavljanin, doc. dr Vesna Damnjanovi\u0107, doc. dr Slavica Cicvari\u0107 Kosti\u0107, doc. dr Tamara Vlastelica Baki\u0107, Milan Okanovi\u0107, Branka Nov\u010di\u0107, Ema Ne\u0161kovi\u0107<\/p>\n<p style=\"text-align: justify;\"><strong>Fundamentals of Quality<\/strong><br \/>\n<em>Lecturers:<\/em> prof. dr Jovan Filipovi\u0107, Mladen \u0110uri\u0107<\/p>\n<p style=\"text-align: justify;\"><strong>Managerial Accounting<\/strong><br \/>\n<em>Lecturers:<\/em> prof. dr Sla\u0111ana Benkovi\u0107, Milo\u0161 Milosavljevi\u0107<\/p>\n<p style=\"text-align: justify;\"><strong>Public Relations<\/strong><br \/>\n<em>Lecturers:<\/em> prof. dr Milica Kosti\u0107 Stankovi\u0107, prof. dr Radmila Jani\u010di\u0107, doc. dr Velimir \u0160tavljanin, doc. dr Vesna Damnjanovi\u0107, doc. dr Slavica Cicvari\u0107 Kosti\u0107, doc. dr Tamara Vlastelica Baki\u0107, Milan Okanovi\u0107, Branka Nov\u010di\u0107<\/p>\n<p style=\"text-align: justify;\"><strong>Software Project Management<\/strong><br \/>\n<em>Lecturers:<\/em> prof. dr Vladan Deved\u017ei\u0107, doc. dr Dragan \u0110uri\u0107, dr Zoran \u0160evarac, dr Bojan Tomi\u0107, Nikola Miliki\u0107<\/p>\n<p style=\"text-align: justify;\"><strong>Intelligent Systems<\/strong><br \/>\n<em>Lecturers:<\/em> prof. dr Vladan Deved\u017ei\u0107, doc. dr Dragan \u0110uri\u0107, dr Zoran \u0160evarac, dr Bojan Tomi\u0107, dr Jelena Jovanovi\u0107, Nikola Miliki\u0107<\/p>\n<p style=\"text-align: justify;\"><strong>Quality Engineering<\/strong><br \/>\n<em>Lecturers:<\/em> doc. dr Ivana Mijatovi\u0107<\/p>\n<p style=\"text-align: justify;\"><strong>Planning of Production and Servicing<\/strong><br \/>\n<em>Lecturers<\/em>: prof. dr Jasmina Omerbegovi\u0107 Bijelovi\u0107, Zoran Raki\u0107evi\u0107<\/p>\n<h3 style=\"text-align: justify;\">Summer semestar<\/h3>\n<p style=\"text-align: justify;\"><strong>Financial Management<\/strong><br \/>\n<em>Lecturers:<\/em> prof. dr Sla\u0111ana Benkovi\u0107, Milo\u0161 Milosavljevi\u0107<\/p>\n<p style=\"text-align: justify;\"><strong>Management of Tehnology and Development<\/strong><br \/>\n<em>Lecturers:<\/em> prof. dr Maja Levi Jak\u0161i\u0107, doc. dr Sanja Marinkovi\u0107<\/p>\n<p style=\"text-align: justify;\"><strong>Quality System<\/strong><br \/>\n<em>Lecturers:<\/em> prof. dr Jovan Filipovi\u0107, Mladen \u0110uri\u0107<\/p>\n<p style=\"text-align: justify;\"><strong>Quality Management Technologies<\/strong><br \/>\n<em>Lecturers:<\/em> doc. dr Ivana Mijatovi\u0107<\/p>\n<p style=\"text-align: justify;\"><strong>Strategic Marketing<\/strong><br \/>\n<em>Lecturers:<\/em> prof. dr Milica Kosti\u0107 Stankovi\u0107, prof. dr Radmila Jani\u010di\u0107, doc. dr Velimir \u0160tavljanin, doc. dr Vesna Damnjanovi\u0107, doc. dr Slavica Cicvari\u0107 Kosti\u0107, doc. dr Tamara Vlastelica Baki\u0107, Milan Okanovi\u0107, Branka Nov\u010di\u0107, Ema Ne\u0161kovi\u0107<\/p>\n<p style=\"text-align: justify;\"><strong>Modern Software Architectures<\/strong><br \/>\n<em>Lecturers:<\/em> prof. dr Vladan Deved\u017ei\u0107, doc. dr Dragan \u0110uri\u0107, dr Zoran \u0160evarac, dr Bojan Tomi\u0107, Nikola Miliki\u0107<\/p>\n<p style=\"text-align: justify;\"><strong>Leadership and Motivation<\/strong><br \/>\n<em>Lecturers:<\/em> prof. dr Dobrivoje Mihailovi\u0107, mr Ivana Kova\u010devi\u0107, Ana Nikodijevi\u0107<\/p>\n<p style=\"text-align: justify;\"><strong>Service Quality Management<\/strong><br \/>\n<em>Lecturers:<\/em> prof. dr Jovan Filipovi\u0107, Mladen \u0110uri\u0107<\/p>\n","protected":false},"excerpt":{"rendered":"<p>As a part of internationalization agenda of the University of Belgrade, Faculty of Organizational Sciences, we offer limited number of courses that have lectures given in English. There is steady increase of the number of courses offered in English each year. Winter semestar Programming 2 Lecturers: prof. dr Vladan Deved\u017ei\u0107, doc. dr Dragan \u0110uri\u0107, dr&#8230; <a class=\"read-more\" href=\"https:\/\/oldfon.fon.bg.ac.rs\/eng\/studies\/undergraduate-studies\/courses-in-english\/\"><span style=\"color:#5ec3ae\">Read more &rarr;<\/span><\/a><\/p>\n","protected":false},"author":1,"featured_media":0,"parent":174,"menu_order":0,"comment_status":"closed","ping_status":"closed","template":"page-studije.php","meta":{"footnotes":""},"_links":{"self":[{"href":"https:\/\/oldfon.fon.bg.ac.rs\/eng\/wp-json\/wp\/v2\/pages\/476"}],"collection":[{"href":"https:\/\/oldfon.fon.bg.ac.rs\/eng\/wp-json\/wp\/v2\/pages"}],"about":[{"href":"https:\/\/oldfon.fon.bg.ac.rs\/eng\/wp-json\/wp\/v2\/types\/page"}],"author":[{"embeddable":true,"href":"https:\/\/oldfon.fon.bg.ac.rs\/eng\/wp-json\/wp\/v2\/users\/1"}],"replies":[{"embeddable":true,"href":"https:\/\/oldfon.fon.bg.ac.rs\/eng\/wp-json\/wp\/v2\/comments?post=476"}],"version-history":[{"count":3,"href":"https:\/\/oldfon.fon.bg.ac.rs\/eng\/wp-json\/wp\/v2\/pages\/476\/revisions"}],"predecessor-version":[{"id":591,"href":"https:\/\/oldfon.fon.bg.ac.rs\/eng\/wp-json\/wp\/v2\/pages\/476\/revisions\/591"}],"up":[{"embeddable":true,"href":"https:\/\/oldfon.fon.bg.ac.rs\/eng\/wp-json\/wp\/v2\/pages\/174"}],"wp:attachment":[{"href":"https:\/\/oldfon.fon.bg.ac.rs\/eng\/wp-json\/wp\/v2\/media?parent=476"}],"curies":[{"name":"wp","href":"https:\/\/api.w.org\/{rel}","templated":true}]}}